{"id":53688,"date":"2024-11-21T09:34:58","date_gmt":"2024-11-21T14:34:58","guid":{"rendered":"https:\/\/theresazaatar.com\/evaluation-gratuite-de-la-maison\/"},"modified":"2025-04-01T16:58:27","modified_gmt":"2025-04-01T20:58:27","slug":"evaluation-gratuite-de-la-maison","status":"publish","type":"page","link":"https:\/\/theresazaatar.com\/fr\/evaluation-gratuite-de-la-maison\/","title":{"rendered":"\u00c9valuation gratuite de la maison"},"content":{"rendered":"\t\t<div data-elementor-type=\"wp-page\" data-elementor-id=\"53688\" class=\"elementor elementor-53688 elementor-46614\">\n\t\t\t\t<div class=\"elementor-element elementor-element-df23cd3 e-flex e-con-boxed wpr-particle-no wpr-jarallax-no wpr-parallax-no wpr-sticky-section-no wpr-equal-height-no e-con e-parent\" data-id=\"df23cd3\" data-element_type=\"container\" data-e-type=\"container\" data-settings=\"{&quot;background_background&quot;:&quot;classic&quot;}\">\n\t\t\t\t\t<div class=\"e-con-inner\">\n\t\t<div class=\"elementor-element elementor-element-2677c8b e-con-full e-flex wpr-particle-no wpr-jarallax-no wpr-parallax-no wpr-sticky-section-no wpr-equal-height-no e-con e-child\" data-id=\"2677c8b\" data-element_type=\"container\" data-e-type=\"container\">\n\t\t\t\t<div class=\"elementor-element elementor-element-562940f elementor-widget elementor-widget-html\" data-id=\"562940f\" data-element_type=\"widget\" data-e-type=\"widget\" data-widget_type=\"html.default\">\n\t\t\t\t\t<script>jQuery(document).ready(function($){\nvar url_string = window.location.href;\nvar url = new URL(url_string);\nvar lc = url.searchParams.get(\"lat\");\nvar ltc = url.searchParams.get(\"long\");\nvar adds = url.searchParams.get(\"Address\");\nconsole.log(lc);\n\/\/initializeMap(lc , ltc);\njQuery(\"#omnibar\").val(adds);\nvar coordd = new google.maps.LatLng(lc, ltc );\nvar mapOptions = {\n\t\t\t\t\t\t\tcenter: coordd,\n\t\t\t\t\t\t\tzoom: 20,\n\t\t\t\t\t\t\tmapTypeId: google.maps.MapTypeId.SATELLITE,\n\t\t\t\t\t\t\tdisableDefaultUI: false\n\t\t\t\t\t\t};\n\n\t\t\t\t\t\tvar map = new google.maps.Map(document.getElementById('map-canvas'),\n\t\t\t\t\t\t\tmapOptions);\n\n\t\t\t\t\t\tvar marker = new google.maps.Marker({\n\t\t\t\t\t\t\tposition: coordd,\n\t\t\t\t\t\t\tmap: map,\n\t\t\t\t\t\t\ttitle: 'Your Property!'\n\t\t\t\t\t\t});\nvar adds = url.searchParams.get(\"Address\");\n$('#address').attr('value',adds);\n});\n<\/script><script type=\"text\/javascript\" src=\"\/\/maps.googleapis.com\/maps\/api\/js?key=AIzaSyDxGZP59MNwvZ9R3MWdYkuWezLM8tvkZ1Q&libraries=places\"><\/script>\t\t\t\t<\/div>\n\t\t\t\t<div class=\"elementor-element elementor-element-022f0bb elementor-widget elementor-widget-heading\" data-id=\"022f0bb\" data-element_type=\"widget\" data-e-type=\"widget\" data-widget_type=\"heading.default\">\n\t\t\t\t\t<h2 class=\"elementor-heading-title elementor-size-default\">Propri\u00e9t\u00e9 trouv\u00e9e&nbsp;!<\/h2>\t\t\t\t<\/div>\n\t\t\t\t<div class=\"elementor-element elementor-element-54efb3d elementor-widget elementor-widget-html\" data-id=\"54efb3d\" data-element_type=\"widget\" data-e-type=\"widget\" data-widget_type=\"html.default\">\n\t\t\t\t\t<div id=\"map-canvas\" style=\"width:100%;height:405px;\"><\/div>\t\t\t\t<\/div>\n\t\t\t\t<\/div>\n\t\t<div class=\"elementor-element elementor-element-3bd92ae e-con-full e-flex wpr-particle-no wpr-jarallax-no wpr-parallax-no wpr-sticky-section-no wpr-equal-height-no elementor-invisible e-con e-child\" data-id=\"3bd92ae\" data-element_type=\"container\" data-e-type=\"container\" data-settings=\"{&quot;animation&quot;:&quot;fadeIn&quot;,&quot;background_background&quot;:&quot;classic&quot;}\">\n\t\t\t\t<div class=\"elementor-element elementor-element-6cdf1e4 elementor-widget elementor-widget-heading\" data-id=\"6cdf1e4\" data-element_type=\"widget\" data-e-type=\"widget\" data-widget_type=\"heading.default\">\n\t\t\t\t\t<h2 class=\"elementor-heading-title elementor-size-default\">O\u00f9 souhaitez-vous que nous envoyons votre rapport d\u2019\u00e9valuation de maison ?<\/h2>\t\t\t\t<\/div>\n\t\t\t\t<div class=\"elementor-element elementor-element-62c4dd9 elementor-widget elementor-widget-shortcode\" data-id=\"62c4dd9\" data-element_type=\"widget\" data-e-type=\"widget\" id=\"home-val\" data-widget_type=\"shortcode.default\">\n\t\t\t\t\t\t\t<div class=\"elementor-shortcode\"><p class=\"wpcf7-contact-form-not-found\"><strong>Erreur\u00a0:<\/strong> Formulaire de contact non trouv\u00e9\u00a0!<\/p><\/div>\n\t\t\t\t\t\t<\/div>\n\t\t\t\t<\/div>\n\t\t\t\t\t<\/div>\n\t\t\t\t<\/div>\n\t\t\t\t<\/div>\n\t\t","protected":false},"excerpt":{"rendered":"<p>Propri\u00e9t\u00e9 trouv\u00e9e&nbsp;! O\u00f9 souhaitez-vous que nous envoyons votre rapport d\u2019\u00e9valuation de maison ?<\/p>\n","protected":false},"author":1,"featured_media":0,"parent":0,"menu_order":0,"comment_status":"closed","ping_status":"closed","template":"template\/template-homepage.php","meta":{"content-type":"","footnotes":""},"class_list":["post-53688","page","type-page","status-publish","hentry"],"yoast_head":"<!-- This site is optimized with the Yoast SEO plugin v27.5 - https:\/\/yoast.com\/product\/yoast-seo-wordpress\/ -->\n<title>\u00c9valuation gratuite de la maison - Theresazaatar<\/title>\n<meta name=\"robots\" content=\"index, follow, max-snippet:-1, max-image-preview:large, max-video-preview:-1\" \/>\n<link rel=\"canonical\" href=\"https:\/\/theresazaatar.com\/fr\/evaluation-gratuite-de-la-maison\/\" \/>\n<meta property=\"og:locale\" content=\"fr_FR\" \/>\n<meta property=\"og:type\" content=\"article\" \/>\n<meta property=\"og:title\" content=\"\u00c9valuation gratuite de la maison - Theresazaatar\" \/>\n<meta property=\"og:description\" content=\"Propri\u00e9t\u00e9 trouv\u00e9e&nbsp;! O\u00f9 souhaitez-vous que nous envoyons votre rapport d\u2019\u00e9valuation de maison ?\" \/>\n<meta property=\"og:url\" content=\"https:\/\/theresazaatar.com\/fr\/evaluation-gratuite-de-la-maison\/\" \/>\n<meta property=\"og:site_name\" content=\"Theresazaatar\" \/>\n<meta property=\"article:modified_time\" content=\"2025-04-01T20:58:27+00:00\" \/>\n<meta name=\"twitter:card\" content=\"summary_large_image\" \/>\n<script type=\"application\/ld+json\" class=\"yoast-schema-graph\">{\"@context\":\"https:\\\/\\\/schema.org\",\"@graph\":[{\"@type\":\"WebPage\",\"@id\":\"https:\\\/\\\/theresazaatar.com\\\/fr\\\/evaluation-gratuite-de-la-maison\\\/\",\"url\":\"https:\\\/\\\/theresazaatar.com\\\/fr\\\/evaluation-gratuite-de-la-maison\\\/\",\"name\":\"\u00c9valuation gratuite de la maison - Theresazaatar\",\"isPartOf\":{\"@id\":\"https:\\\/\\\/theresazaatar.com\\\/fr\\\/#website\"},\"datePublished\":\"2024-11-21T14:34:58+00:00\",\"dateModified\":\"2025-04-01T20:58:27+00:00\",\"breadcrumb\":{\"@id\":\"https:\\\/\\\/theresazaatar.com\\\/fr\\\/evaluation-gratuite-de-la-maison\\\/#breadcrumb\"},\"inLanguage\":\"fr-FR\",\"potentialAction\":[{\"@type\":\"ReadAction\",\"target\":[\"https:\\\/\\\/theresazaatar.com\\\/fr\\\/evaluation-gratuite-de-la-maison\\\/\"]}]},{\"@type\":\"BreadcrumbList\",\"@id\":\"https:\\\/\\\/theresazaatar.com\\\/fr\\\/evaluation-gratuite-de-la-maison\\\/#breadcrumb\",\"itemListElement\":[{\"@type\":\"ListItem\",\"position\":1,\"name\":\"Home\",\"item\":\"https:\\\/\\\/theresazaatar.com\\\/fr\\\/\"},{\"@type\":\"ListItem\",\"position\":2,\"name\":\"\u00c9valuation gratuite de la maison\"}]},{\"@type\":\"WebSite\",\"@id\":\"https:\\\/\\\/theresazaatar.com\\\/fr\\\/#website\",\"url\":\"https:\\\/\\\/theresazaatar.com\\\/fr\\\/\",\"name\":\"Theresazaatar\",\"description\":\"Theresazaatar\",\"publisher\":{\"@id\":\"https:\\\/\\\/theresazaatar.com\\\/fr\\\/#organization\"},\"potentialAction\":[{\"@type\":\"SearchAction\",\"target\":{\"@type\":\"EntryPoint\",\"urlTemplate\":\"https:\\\/\\\/theresazaatar.com\\\/fr\\\/?s={search_term_string}\"},\"query-input\":{\"@type\":\"PropertyValueSpecification\",\"valueRequired\":true,\"valueName\":\"search_term_string\"}}],\"inLanguage\":\"fr-FR\"},{\"@type\":\"Organization\",\"@id\":\"https:\\\/\\\/theresazaatar.com\\\/fr\\\/#organization\",\"name\":\"Theresazaatar\",\"url\":\"https:\\\/\\\/theresazaatar.com\\\/fr\\\/\",\"logo\":{\"@type\":\"ImageObject\",\"inLanguage\":\"fr-FR\",\"@id\":\"https:\\\/\\\/theresazaatar.com\\\/fr\\\/#\\\/schema\\\/logo\\\/image\\\/\",\"url\":\"https:\\\/\\\/theresazaatar.com\\\/wp-content\\\/uploads\\\/2024\\\/11\\\/theresa-logo-noir.png\",\"contentUrl\":\"https:\\\/\\\/theresazaatar.com\\\/wp-content\\\/uploads\\\/2024\\\/11\\\/theresa-logo-noir.png\",\"width\":4500,\"height\":4500,\"caption\":\"Theresazaatar\"},\"image\":{\"@id\":\"https:\\\/\\\/theresazaatar.com\\\/fr\\\/#\\\/schema\\\/logo\\\/image\\\/\"}}]}<\/script>\n<!-- \/ Yoast SEO plugin. -->","yoast_head_json":{"title":"\u00c9valuation gratuite de la maison - Theresazaatar","robots":{"index":"index","follow":"follow","max-snippet":"max-snippet:-1","max-image-preview":"max-image-preview:large","max-video-preview":"max-video-preview:-1"},"canonical":"https:\/\/theresazaatar.com\/fr\/evaluation-gratuite-de-la-maison\/","og_locale":"fr_FR","og_type":"article","og_title":"\u00c9valuation gratuite de la maison - Theresazaatar","og_description":"Propri\u00e9t\u00e9 trouv\u00e9e&nbsp;! O\u00f9 souhaitez-vous que nous envoyons votre rapport d\u2019\u00e9valuation de maison ?","og_url":"https:\/\/theresazaatar.com\/fr\/evaluation-gratuite-de-la-maison\/","og_site_name":"Theresazaatar","article_modified_time":"2025-04-01T20:58:27+00:00","twitter_card":"summary_large_image","schema":{"@context":"https:\/\/schema.org","@graph":[{"@type":"WebPage","@id":"https:\/\/theresazaatar.com\/fr\/evaluation-gratuite-de-la-maison\/","url":"https:\/\/theresazaatar.com\/fr\/evaluation-gratuite-de-la-maison\/","name":"\u00c9valuation gratuite de la maison - Theresazaatar","isPartOf":{"@id":"https:\/\/theresazaatar.com\/fr\/#website"},"datePublished":"2024-11-21T14:34:58+00:00","dateModified":"2025-04-01T20:58:27+00:00","breadcrumb":{"@id":"https:\/\/theresazaatar.com\/fr\/evaluation-gratuite-de-la-maison\/#breadcrumb"},"inLanguage":"fr-FR","potentialAction":[{"@type":"ReadAction","target":["https:\/\/theresazaatar.com\/fr\/evaluation-gratuite-de-la-maison\/"]}]},{"@type":"BreadcrumbList","@id":"https:\/\/theresazaatar.com\/fr\/evaluation-gratuite-de-la-maison\/#breadcrumb","itemListElement":[{"@type":"ListItem","position":1,"name":"Home","item":"https:\/\/theresazaatar.com\/fr\/"},{"@type":"ListItem","position":2,"name":"\u00c9valuation gratuite de la maison"}]},{"@type":"WebSite","@id":"https:\/\/theresazaatar.com\/fr\/#website","url":"https:\/\/theresazaatar.com\/fr\/","name":"Theresazaatar","description":"Theresazaatar","publisher":{"@id":"https:\/\/theresazaatar.com\/fr\/#organization"},"potentialAction":[{"@type":"SearchAction","target":{"@type":"EntryPoint","urlTemplate":"https:\/\/theresazaatar.com\/fr\/?s={search_term_string}"},"query-input":{"@type":"PropertyValueSpecification","valueRequired":true,"valueName":"search_term_string"}}],"inLanguage":"fr-FR"},{"@type":"Organization","@id":"https:\/\/theresazaatar.com\/fr\/#organization","name":"Theresazaatar","url":"https:\/\/theresazaatar.com\/fr\/","logo":{"@type":"ImageObject","inLanguage":"fr-FR","@id":"https:\/\/theresazaatar.com\/fr\/#\/schema\/logo\/image\/","url":"https:\/\/theresazaatar.com\/wp-content\/uploads\/2024\/11\/theresa-logo-noir.png","contentUrl":"https:\/\/theresazaatar.com\/wp-content\/uploads\/2024\/11\/theresa-logo-noir.png","width":4500,"height":4500,"caption":"Theresazaatar"},"image":{"@id":"https:\/\/theresazaatar.com\/fr\/#\/schema\/logo\/image\/"}}]}},"_links":{"self":[{"href":"https:\/\/theresazaatar.com\/fr\/wp-json\/wp\/v2\/pages\/53688","targetHints":{"allow":["GET"]}}],"collection":[{"href":"https:\/\/theresazaatar.com\/fr\/wp-json\/wp\/v2\/pages"}],"about":[{"href":"https:\/\/theresazaatar.com\/fr\/wp-json\/wp\/v2\/types\/page"}],"author":[{"embeddable":true,"href":"https:\/\/theresazaatar.com\/fr\/wp-json\/wp\/v2\/users\/1"}],"replies":[{"embeddable":true,"href":"https:\/\/theresazaatar.com\/fr\/wp-json\/wp\/v2\/comments?post=53688"}],"version-history":[{"count":9,"href":"https:\/\/theresazaatar.com\/fr\/wp-json\/wp\/v2\/pages\/53688\/revisions"}],"predecessor-version":[{"id":57523,"href":"https:\/\/theresazaatar.com\/fr\/wp-json\/wp\/v2\/pages\/53688\/revisions\/57523"}],"wp:attachment":[{"href":"https:\/\/theresazaatar.com\/fr\/wp-json\/wp\/v2\/media?parent=53688"}],"curies":[{"name":"wp","href":"https:\/\/api.w.org\/{rel}","templated":true}]}}